{"id":37,"date":"2023-02-16T17:17:10","date_gmt":"2023-02-16T17:17:10","guid":{"rendered":"https:\/\/www.seisida.net\/reunion2023\/?page_id=37"},"modified":"2023-05-19T14:06:03","modified_gmt":"2023-05-19T14:06:03","slug":"inicio","status":"publish","type":"page","link":"https:\/\/www.seisida.net\/reunion2023\/","title":{"rendered":"Inicio"},"content":{"rendered":"\n<div class=\"wp-block-uagb-container uagb-block-dee3669d alignfull uagb-is-root-container\"><div class=\"uagb-container-inner-blocks-wrap\">\n<figure class=\"wp-block-image size-full\"><img loading=\"lazy\" decoding=\"async\" width=\"1200\" height=\"250\" src=\"https:\/\/www.seisida.net\/reunion2023\/wp-content\/uploads\/2023\/02\/cabecera-web.jpg\" alt=\"\" class=\"wp-image-54\" srcset=\"https:\/\/www.seisida.net\/reunion2023\/wp-content\/uploads\/2023\/02\/cabecera-web.jpg 1200w, https:\/\/www.seisida.net\/reunion2023\/wp-content\/uploads\/2023\/02\/cabecera-web-300x63.jpg 300w, https:\/\/www.seisida.net\/reunion2023\/wp-content\/uploads\/2023\/02\/cabecera-web-1024x213.jpg 1024w, https:\/\/www.seisida.net\/reunion2023\/wp-content\/uploads\/2023\/02\/cabecera-web-768x160.jpg 768w\" sizes=\"auto, (max-width: 1200px) 100vw, 1200px\" \/><\/figure>\n<\/div><\/div>\n\n\n\n<div class=\"wp-block-uagb-container uagb-block-6452f821 alignfull uagb-is-root-container\"><div class=\"uagb-container-inner-blocks-wrap\"><\/div><\/div>\n\n\n\n<div class=\"wp-block-uagb-container uagb-block-bd29219a alignfull uagb-is-root-container\"><div class=\"uagb-container-inner-blocks-wrap\">\n<div class=\"wp-block-uagb-container uagb-block-c4e8b314\">\n<div class=\"wp-block-uagb-container uagb-block-00ef7792\">\n<p><strong><mark style=\"background-color:rgba(0, 0, 0, 0)\" class=\"has-inline-color has-ast-global-color-1-color\">LA REUNI\u00d3N GRABADA &#8211; VIDEOS SESIONES<\/mark><\/strong><br>La Reuni\u00f3n <em>\u00abHacer VIHsible lo invisible\u00bb<\/em>, organizada por la <strong>UNED<\/strong> y <strong>SEISIDA<\/strong> fue emitida en <strong>DIRECTO<\/strong> a trav\u00e9s del canal de la UNED. Ahora puedes ver los videos de las sesiones en el siguiente enlace <a rel=\"noreferrer noopener\" href=\"https:\/\/canal.uned.es\/live\/event\/645e06e86ff5a73c384550c5\" target=\"_blank\">https:\/\/canal.uned.es\/live\/event\/645e06e86ff5a73c384550c5<\/a>.<\/p>\n<\/div>\n\n\n\n<div class=\"wp-block-uagb-container uagb-block-a311d8cb\">\n<iframe src='https:\/\/canal.uned.es\/live\/event\/iframe\/645e06e86ff5a73c384550c5' id='pumukitiframe' frameborder='0' border='0' width='100%' height='450' allowfullscreen><\/iframe>\n<\/div>\n<\/div>\n\n\n\n<h2 class=\"wp-block-heading\">Bienvenida<\/h2>\n\n\n\n<p>Estimados asistentes,<br>Queremos daros la bienvenida a esta importante Reuni\u00f3n Cient\u00edfica que lleva el lema \u00abHacer vihsible lo invisible\u00bb, organizada por la Universidad Nacional d Educaci\u00f3n a Distancia (UNED) y la Sociedad Espa\u00f1ola Interdisciplinaria del Sida (SEISIDA).<br>Esta reuni\u00f3n cient\u00edfica tiene como objetivo principal reflexionar sobre el estigma asociado al VIH, sus interseccionalidades, as\u00ed como analizar propuestas y respuestas europeas al problema. El VIH ha sido una de las mayores epidemias de nuestro tiempo y, aunque se han logrado grandes avances en el tratamiento y la prevenci\u00f3n, todav\u00eda queda mucho por hacer para reducir el estigma y la discriminaci\u00f3n asociados a la infecci\u00f3n.<br>A lo largo del d\u00eda, expertos multidisciplinares discutir\u00e1n sobre diferentes aspectos relacionados y consecuencia del estigma asociado al VIH, desde la perspectiva de la investigaci\u00f3n cient\u00edfica, el trabajo cl\u00ednico, la intervenci\u00f3n social y la pol\u00edtica sanitaria. Se abordar\u00e1n temas como los determinantes sociales de la salud, las intersecciones del estigma asociado al VIH, las barreras que impone en el acceso a los servicios de salud, su impacto en la PrEP, y la importancia de las pol\u00edticas p\u00fablicas en la respuesta al VIH, entre otros.<br>Esta reuni\u00f3n cient\u00edfica es una oportunidad \u00fanica para compartir experiencias, conocimientos y estrategias, y para establecer colaboraciones y alianzas entre los diferentes actores que intervienen en la respuesta al VIH. Esperamos que este encuentro sera un espacio de di\u00e1logo y reflexi\u00f3n constructiva, que permita avanzar en la consecuci\u00f3n de una sociedad libre de estigma para las personas con VIH.<br>En nombre de la UNED y de SEISIDA, os deseamos una Reuni\u00f3n productiva, que disfrut\u00e9is del espacio que la Facultad de Educaci\u00f3n de la UNED nos cede y a quien agradecemos su colaboraci\u00f3n. Tambi\u00e9n esperamos que disfrut\u00e9is de la ciudad de Madrid.<br><br><strong><em>Mar\u00eda Jos\u00e9 Fuster Ruiz de Apodaca<\/em><\/strong><br>Co-Presidenta Reuni\u00f3n<br>Profesora Departamento Psicolog\u00eda Social y de las Organizaciones, Facultad Psicolog\u00eda, UNED<br><br><strong><em>Jos\u00e9 Antonio P\u00e9rez Molina<\/em><\/strong><br>Co-Presidente de la Reuni\u00f3n<br>Presidente de la Sociedad Espa\u00f1ola Interdisciplinaria del Sida           <\/p>\n\n\n\n<hr class=\"wp-block-separator has-alpha-channel-opacity\"\/>\n\n\n\n<p><strong>COMUNICACIONES ORALES<\/strong><br><strong>CO1. An\u00e1lisis del discurso pol\u00edtico en las iniciativas parlamentarias sobre VIH en la XII Legislatura de la Asamblea de Madrid.<\/strong><br>Autor principal: <strong><em>Paule Gonz\u00e1lez-Recio<\/em><\/strong><br><br><strong>CO2. La Red de Investigaci\u00f3n en sida: un ejemplo de c\u00f3mo la comunicaci\u00f3n cient\u00edfica contribuye a la respuesta conjunta al VIH.<\/strong><br>Autor principal: <strong><em>D\u00e9bora \u00c1lvarez del Arco<\/em><\/strong><br><br><strong>CO3. Necesidades sanitarias detectadas en personas usuarias de centros comunitarios de cribado de ITS en Madrid y Torremolinos \u2013 A\u00f1o 2022.<\/strong><br>Autor principal: <strong><em>Lucio Jes\u00fas Garc\u00eda Fraile Fraile<\/em><\/strong><br><br><strong>CO4. Alta vulnerabilidad psicol\u00f3gica y social de personas que viven con VIH en situaci\u00f3n irregular o solicitantes de protecci\u00f3n internacional<\/strong><br><strong>reci\u00e9n llegados a Espa\u00f1a.<\/strong><br>Autor principal: <strong><em>Mar Fern\u00e1ndez Ollero<\/em><\/strong><br><\/p>\n\n\n\n<p><\/p>\n<\/div><\/div>\n\n\n\n<hr class=\"wp-block-separator has-alpha-channel-opacity\"\/>\n\n\n\n<h3 class=\"wp-block-heading has-ast-global-color-1-color has-text-color\">Organizadores:<\/h3>\n\n\n\n<div class=\"wp-block-uagb-container uagb-block-c6d1de6c alignfull uagb-is-root-container\"><div class=\"uagb-container-inner-blocks-wrap\">\n<div class=\"wp-block-uagb-container uagb-block-1f05fcbb\">\n<div class=\"wp-block-columns is-layout-flex wp-container-core-columns-is-layout-28f84493 wp-block-columns-is-layout-flex\">\n<div class=\"wp-block-column is-layout-flow wp-block-column-is-layout-flow\">\n<figure class=\"wp-block-image size-large\"><img loading=\"lazy\" decoding=\"async\" width=\"1024\" height=\"355\" src=\"https:\/\/www.seisida.net\/reunion2023\/wp-content\/uploads\/2023\/02\/logo-SEISIDA-PNG-1024x355.png\" alt=\"\" class=\"wp-image-42\" srcset=\"https:\/\/www.seisida.net\/reunion2023\/wp-content\/uploads\/2023\/02\/logo-SEISIDA-PNG-1024x355.png 1024w, https:\/\/www.seisida.net\/reunion2023\/wp-content\/uploads\/2023\/02\/logo-SEISIDA-PNG-300x104.png 300w, https:\/\/www.seisida.net\/reunion2023\/wp-content\/uploads\/2023\/02\/logo-SEISIDA-PNG-768x266.png 768w, https:\/\/www.seisida.net\/reunion2023\/wp-content\/uploads\/2023\/02\/logo-SEISIDA-PNG-1536x532.png 1536w, https:\/\/www.seisida.net\/reunion2023\/wp-content\/uploads\/2023\/02\/logo-SEISIDA-PNG-2048x710.png 2048w\" sizes=\"auto, (max-width: 1024px) 100vw, 1024px\" \/><\/figure>\n<\/div>\n\n\n\n<div class=\"wp-block-column is-layout-flow wp-block-column-is-layout-flow\"><\/div>\n\n\n\n<div class=\"wp-block-column is-layout-flow wp-block-column-is-layout-flow\">\n<figure class=\"wp-block-image alignright size-full is-resized\"><img loading=\"lazy\" decoding=\"async\" src=\"https:\/\/www.seisida.net\/reunion2023\/wp-content\/uploads\/2023\/04\/LOGO-UNED-50.jpg\" alt=\"\" class=\"wp-image-182\" width=\"187\" height=\"115\" srcset=\"https:\/\/www.seisida.net\/reunion2023\/wp-content\/uploads\/2023\/04\/LOGO-UNED-50.jpg 747w, https:\/\/www.seisida.net\/reunion2023\/wp-content\/uploads\/2023\/04\/LOGO-UNED-50-300x184.jpg 300w\" sizes=\"auto, (max-width: 187px) 100vw, 187px\" \/><\/figure>\n<\/div>\n<\/div>\n<\/div>\n\n\n\n<hr class=\"wp-block-separator has-alpha-channel-opacity is-style-wide\"\/>\n\n\n\n<div class=\"wp-block-uagb-container uagb-block-923b9b8b\">\n<h3 class=\"wp-block-heading has-ast-global-color-1-color has-text-color\">Con la colaboraci\u00f3n de:<\/h3>\n\n\n\n<div class=\"wp-block-uagb-container uagb-block-3aee1a48\">\n<div class=\"wp-block-columns is-layout-flex wp-container-core-columns-is-layout-28f84493 wp-block-columns-is-layout-flex\">\n<div class=\"wp-block-column is-layout-flow wp-block-column-is-layout-flow\">\n<figure class=\"wp-block-image size-full\"><img loading=\"lazy\" decoding=\"async\" width=\"1200\" height=\"500\" src=\"https:\/\/www.seisida.net\/reunion2023\/wp-content\/uploads\/2023\/05\/Con-la-colaboracion-de.jpg\" alt=\"\" class=\"wp-image-234\" srcset=\"https:\/\/www.seisida.net\/reunion2023\/wp-content\/uploads\/2023\/05\/Con-la-colaboracion-de.jpg 1200w, https:\/\/www.seisida.net\/reunion2023\/wp-content\/uploads\/2023\/05\/Con-la-colaboracion-de-300x125.jpg 300w, https:\/\/www.seisida.net\/reunion2023\/wp-content\/uploads\/2023\/05\/Con-la-colaboracion-de-1024x427.jpg 1024w, https:\/\/www.seisida.net\/reunion2023\/wp-content\/uploads\/2023\/05\/Con-la-colaboracion-de-768x320.jpg 768w\" sizes=\"auto, (max-width: 1200px) 100vw, 1200px\" \/><\/figure>\n<\/div>\n<\/div>\n<\/div>\n<\/div>\n<\/div><\/div>\n","protected":false},"excerpt":{"rendered":"<p>LA REUNI\u00d3N GRABADA &#8211; VIDEOS SESIONESLa Reuni\u00f3n \u00abHacer VIHsible lo invisible\u00bb, organizada por la UNED y SEISIDA fue emitida en DIRECTO a trav\u00e9s del canal de la UNED. Ahora puedes ver los videos de las sesiones en el siguiente enlace https:\/\/canal.uned.es\/live\/event\/645e06e86ff5a73c384550c5. Bienvenida Estimados asistentes,Queremos daros la bienvenida a esta importante Reuni\u00f3n Cient\u00edfica que lleva el [&hellip;]<\/p>\n","protected":false},"author":1,"featured_media":0,"parent":0,"menu_order":0,"comment_status":"closed","ping_status":"closed","template":"","meta":{"_uag_custom_page_level_css":"","site-sidebar-layout":"default","site-content-layout":"plain-container","ast-site-content-layout":"default","site-content-style":"default","site-sidebar-style":"default","ast-global-header-display":"","ast-banner-title-visibility":"","ast-main-header-display":"","ast-hfb-above-header-display":"","ast-hfb-below-header-display":"","ast-hfb-mobile-header-display":"","site-post-title":"disabled","ast-breadcrumbs-content":"","ast-featured-img":"","footer-sml-layout":"","ast-disable-related-posts":"","theme-transparent-header-meta":"","adv-header-id-meta":"","stick-header-meta":"","header-above-stick-meta":"","header-main-stick-meta":"","header-below-stick-meta":"","astra-migrate-meta-layouts":"default","ast-page-background-enabled":"default","ast-page-background-meta":{"desktop":{"background-color":"var(--ast-global-color-4)","background-image":"","background-repeat":"repeat","background-position":"center center","background-size":"auto","background-attachment":"scroll","background-type":"","background-media":"","overlay-type":"","overlay-color":"","overlay-opacity":"","overlay-gradient":""},"tablet":{"background-color":"","background-image":"","background-repeat":"repeat","background-position":"center center","background-size":"auto","background-attachment":"scroll","background-type":"","background-media":"","overlay-type":"","overlay-color":"","overlay-opacity":"","overlay-gradient":""},"mobile":{"background-color":"","background-image":"","background-repeat":"repeat","background-position":"center center","background-size":"auto","background-attachment":"scroll","background-type":"","background-media":"","overlay-type":"","overlay-color":"","overlay-opacity":"","overlay-gradient":""}},"ast-content-background-meta":{"desktop":{"background-color":"var(--ast-global-color-5)","background-image":"","background-repeat":"repeat","background-position":"center center","background-size":"auto","background-attachment":"scroll","background-type":"","background-media":"","overlay-type":"","overlay-color":"","overlay-opacity":"","overlay-gradient":""},"tablet":{"background-color":"var(--ast-global-color-5)","background-image":"","background-repeat":"repeat","background-position":"center center","background-size":"auto","background-attachment":"scroll","background-type":"","background-media":"","overlay-type":"","overlay-color":"","overlay-opacity":"","overlay-gradient":""},"mobile":{"background-color":"var(--ast-global-color-5)","background-image":"","background-repeat":"repeat","background-position":"center center","background-size":"auto","background-attachment":"scroll","background-type":"","background-media":"","overlay-type":"","overlay-color":"","overlay-opacity":"","overlay-gradient":""}},"footnotes":""},"class_list":["post-37","page","type-page","status-publish","hentry"],"uagb_featured_image_src":{"full":false,"thumbnail":false,"medium":false,"medium_large":false,"large":false,"1536x1536":false,"2048x2048":false},"uagb_author_info":{"display_name":"@dministrador","author_link":"https:\/\/www.seisida.net\/reunion2023\/author\/dministrador\/"},"uagb_comment_info":0,"uagb_excerpt":"LA REUNI\u00d3N GRABADA &#8211; VIDEOS SESIONESLa Reuni\u00f3n \u00abHacer VIHsible lo invisible\u00bb, organizada por la UNED y SEISIDA fue emitida en DIRECTO a trav\u00e9s del canal de la UNED. Ahora puedes ver los videos de las sesiones en el siguiente enlace https:\/\/canal.uned.es\/live\/event\/645e06e86ff5a73c384550c5. Bienvenida Estimados asistentes,Queremos daros la bienvenida a esta importante Reuni\u00f3n Cient\u00edfica que lleva el&hellip;","_links":{"self":[{"href":"https:\/\/www.seisida.net\/reunion2023\/wp-json\/wp\/v2\/pages\/37","targetHints":{"allow":["GET"]}}],"collection":[{"href":"https:\/\/www.seisida.net\/reunion2023\/wp-json\/wp\/v2\/pages"}],"about":[{"href":"https:\/\/www.seisida.net\/reunion2023\/wp-json\/wp\/v2\/types\/page"}],"author":[{"embeddable":true,"href":"https:\/\/www.seisida.net\/reunion2023\/wp-json\/wp\/v2\/users\/1"}],"replies":[{"embeddable":true,"href":"https:\/\/www.seisida.net\/reunion2023\/wp-json\/wp\/v2\/comments?post=37"}],"version-history":[{"count":29,"href":"https:\/\/www.seisida.net\/reunion2023\/wp-json\/wp\/v2\/pages\/37\/revisions"}],"predecessor-version":[{"id":255,"href":"https:\/\/www.seisida.net\/reunion2023\/wp-json\/wp\/v2\/pages\/37\/revisions\/255"}],"wp:attachment":[{"href":"https:\/\/www.seisida.net\/reunion2023\/wp-json\/wp\/v2\/media?parent=37"}],"curies":[{"name":"wp","href":"https:\/\/api.w.org\/{rel}","templated":true}]}}