{"id":13,"date":"2023-02-16T16:57:02","date_gmt":"2023-02-16T16:57:02","guid":{"rendered":"https:\/\/www.seisida.net\/reunion2023\/?page_id=13"},"modified":"2023-05-16T14:48:24","modified_gmt":"2023-05-16T14:48:24","slug":"programa","status":"publish","type":"page","link":"https:\/\/www.seisida.net\/reunion2023\/programa\/","title":{"rendered":"Programa"},"content":{"rendered":"\n<p><strong><mark style=\"background-color:rgba(0, 0, 0, 0)\" class=\"has-inline-color has-ast-global-color-0-color\">LUGAR DE CELEBRACI\u00d3N \/ SEDE<\/mark><\/strong><br><strong>Facultad de Educaci\u00f3n de la UNED<\/strong>. C\/ Juan del Rosal, 14. (28040) &#8211; Madrid.   (ver en <a href=\"https:\/\/goo.gl\/maps\/9sgG9MrKMqPsD58v9\" data-type=\"URL\" data-id=\"https:\/\/goo.gl\/maps\/9sgG9MrKMqPsD58v9\" target=\"_blank\" rel=\"noreferrer noopener\">Google Maps<\/a>)<\/p>\n\n\n\n<div class=\"wp-block-uagb-container uagb-block-94fe1d06 alignfull uagb-is-root-container\"><div class=\"uagb-container-inner-blocks-wrap\">\n<figure class=\"wp-block-table alignleft is-style-regular\" style=\"padding-top:2px;padding-right:2px;padding-bottom:2px;padding-left:2px\"><table class=\"has-ast-global-color-5-background-color has-background has-border-color has-vivid-cyan-blue-border-color\" style=\"border-width:1px\"><thead><tr><th>Hora<\/th><th>PROGRAMA<\/th><\/tr><\/thead><tbody><tr><td>10.30 &#8211; 11.00<\/td><td>Recepci\u00f3n y entrega de documentaci\u00f3n<\/td><\/tr><tr><td>11.00 &#8211; 11.20<\/td><td><strong><em>Bienvenida<\/em><\/strong><br><br>&#8211; <strong>Mar\u00eda Jos\u00e9 Fuster Ruiz de Apodaca.<\/strong> Profesora Facultad de Psicolog\u00eda. UNED<br>&#8211; <strong>Jos\u00e9 Antonio P\u00e9rez Molina.<\/strong> Presidente de SEISIDA<br>&#8211; <strong>Alejandro Higueras Mata.<\/strong> Decano Facultad de Psicolog\u00eda. UNED<br>&#8211;<strong> Jos\u00e9 Manuel Mi\u00f1ones Conde.<\/strong> Ministro de Sanidad<\/td><\/tr><tr><td>11.30 &#8211; 12.15<\/td><td><strong>Conferencia Debate: <em>\u00abDeterminantes sociales de la salud\u00bb<\/em><\/strong><br><br><strong>Modera:<\/strong> <strong>Fernando Molero.<\/strong> UNED<br><br><strong>Ponente:<\/strong><br>&#8211; <strong>Pedro Gull\u00f3n.<\/strong> Universidad de Alcal\u00e1 de Henares. <br><br><strong>Patrocinada por:<\/strong><img loading=\"lazy\" decoding=\"async\" width=\"150\" height=\"70\" class=\"wp-image-107\" style=\"width: 150px;\" src=\"https:\/\/www.seisida.net\/reunion2023\/wp-content\/uploads\/2023\/03\/MSD_Logo.png\" alt=\"\" srcset=\"https:\/\/www.seisida.net\/reunion2023\/wp-content\/uploads\/2023\/03\/MSD_Logo.png 3056w, https:\/\/www.seisida.net\/reunion2023\/wp-content\/uploads\/2023\/03\/MSD_Logo-300x141.png 300w, https:\/\/www.seisida.net\/reunion2023\/wp-content\/uploads\/2023\/03\/MSD_Logo-1024x481.png 1024w, https:\/\/www.seisida.net\/reunion2023\/wp-content\/uploads\/2023\/03\/MSD_Logo-768x361.png 768w, https:\/\/www.seisida.net\/reunion2023\/wp-content\/uploads\/2023\/03\/MSD_Logo-1536x722.png 1536w, https:\/\/www.seisida.net\/reunion2023\/wp-content\/uploads\/2023\/03\/MSD_Logo-2048x962.png 2048w\" sizes=\"auto, (max-width: 150px) 100vw, 150px\" \/><\/td><\/tr><tr><td>12.20 &#8211; 13.30<\/td><td><strong>Mesa Redonda 1: <em>\u00abEstigmas interseccionales\u00bb<\/em><\/strong><br><br><strong>Moderadores:<\/strong> <strong>Saulo Fern\u00e1ndez<\/strong>. UNED y <strong>M\u00aa Jos\u00e9 Crusells.<\/strong> SEISIDA<br><br><strong>Ponentes:<\/strong><br><strong><em>\u00abLa importancia de la visi\u00f3n interseccional en el estudio del estigma\u00bb. <\/em><\/strong><br><strong>Cristina Garc\u00eda Ael<\/strong>. UNED. <br><br><strong><em>\u00abEstereotipos asociados al edadismo y VIH\u00bb. <\/em><\/strong><br><strong>Antonio Bustillos.<\/strong> UNED<br><br><strong><em>\u00abLa intersecci\u00f3n del estigma asociado al VIH y al consumo de sustancias\u00bb. <\/em><\/strong><br><strong>Marta Pastor.<\/strong> Bizkaisida.<br><br><strong><em>\u00abLa intersecci\u00f3n del estigma asociado al VIH y a las poblaciones inmigrantes\u00bb. <\/em><\/strong><br><strong>Beatriz Gull\u00f3n.<\/strong> Hospital Universitario Ram\u00f3n y Cajal \/ CIBERINFEC.<br><br><strong>Patrocinada por:<\/strong> <img loading=\"lazy\" decoding=\"async\" width=\"80\" height=\"79\" class=\"wp-image-127\" style=\"width: 80px;\" src=\"https:\/\/www.seisida.net\/reunion2023\/wp-content\/uploads\/2023\/03\/LOGO_VIIV3.png\" alt=\"\"><\/td><\/tr><tr><td>13.35 &#8211; 14.30<\/td><td><strong><em>Sesi\u00f3n de Comunicaciones Orales<\/em><\/strong><br><br><strong>Moderadores:<\/strong> <strong>Javier Toledo<\/strong>. Fundaci\u00f3n SEISIDA y <strong>Prado Silv\u00e1n.<\/strong> UNED <br><br><strong>CO1.<\/strong> <strong>An\u00e1lisis del discurso pol\u00edtico en las iniciativas parlamentarias sobre VIH en la XII Legislatura de la Asamblea de Madrid.<\/strong><br>Ponente: <strong><em>Paule Gonz\u00e1lez-Recio<\/em><\/strong>. Escuela Nacional de Sanidad. ISCIII<br><br><strong>CO2. La Red de Investigaci\u00f3n en sida: un ejemplo de c\u00f3mo la comunicaci\u00f3n cient\u00edfica contribuye a la respuesta conjunta al VIH.<\/strong><br>Ponente: <strong><em>D\u00e9bora \u00c1lvarez del Arco<\/em><\/strong>. La Doctora \u00c1lvarez.<br><br><strong>CO3. Necesidades sanitarias detectadas en personas usuarias de centros comunitarios de cribado de ITS en Madrid y Torremolinos &#8211; A\u00f1o 2022.<\/strong><br>Ponente: <strong><em>Lucio Jes\u00fas Garc\u00eda Fraile Fraile<\/em><\/strong>. Apoyo Positivo &#8211; Casa Lavapies. Madrid.<br><br><strong>CO4.<\/strong> <strong>Alta vulnerabilidad psicol\u00f3gica y social de personas que viven con VIH en situaci\u00f3n irregular o solicitantes de protecci\u00f3n internacional<\/strong><br><strong>reci\u00e9n llegados a Espa\u00f1a.<\/strong><br>Ponente: <strong><em>Mar Fern\u00e1ndez Ollero<\/em><\/strong>. Universidad Aut\u00f3noma de Madrid. <br><br><strong>Patrocinada por:    <\/strong><img loading=\"lazy\" decoding=\"async\" width=\"150\" height=\"84\" class=\"wp-image-190\" style=\"width: 150px;\" src=\"https:\/\/www.seisida.net\/reunion2023\/wp-content\/uploads\/2023\/04\/LOGO-GILEAD-alta.png\" alt=\"\" srcset=\"https:\/\/www.seisida.net\/reunion2023\/wp-content\/uploads\/2023\/04\/LOGO-GILEAD-alta.png 1920w, https:\/\/www.seisida.net\/reunion2023\/wp-content\/uploads\/2023\/04\/LOGO-GILEAD-alta-300x169.png 300w, https:\/\/www.seisida.net\/reunion2023\/wp-content\/uploads\/2023\/04\/LOGO-GILEAD-alta-1024x576.png 1024w, https:\/\/www.seisida.net\/reunion2023\/wp-content\/uploads\/2023\/04\/LOGO-GILEAD-alta-768x432.png 768w, https:\/\/www.seisida.net\/reunion2023\/wp-content\/uploads\/2023\/04\/LOGO-GILEAD-alta-1536x864.png 1536w\" sizes=\"auto, (max-width: 150px) 100vw, 150px\" \/><\/td><\/tr><tr><td>14.30 &#8211; 16.00<\/td><td>Comida \/ Visita posters<\/td><\/tr><tr><td>16.00 &#8211; 17.45<\/td><td><strong>Mesa Redonda 2: <em>\u00abHIV Stigma and Discrimination: a European approach\u00bb<\/em><\/strong><br><br><strong>Moderadores:<\/strong> <strong>Prof. Mar\u00eda Jos\u00e9 Fuster.<\/strong> SEISIDA \/ UNED y <strong>Prof. Jeffrey Lazarus<\/strong>. HIV Outcomes \/ ISGlobal<br><br><strong>Ponentes<\/strong>:<br><strong><em>\u00abStigma in healthcare settings and ageing with HIV\u00bb. <\/em><\/strong><br>&#8211; <strong>St\u00e9phan Vernhes<\/strong>. HIV Outcomes \/ AIDES &#8211; Coalition PLUS<br><br><em><strong>\u00abChanging perspective on HIV, anti-stigma \u00abcharter mark\u00bb\u00bb.<\/strong><\/em><br>&#8211; <strong>Prof. Jane Anderson<\/strong>. HIV Outcomes \/ Homerton Healthcare NHS Foundation Trust<br><br><strong><em>\u00abCombatting discriminatory practices in Europe and addressing mental health\u00bb.<\/em><\/strong><br>&#8211; <strong>Sini Pasanen<\/strong>. HIV Outcomes \/ AIDS Action Europe<br><br><strong><em>\u00abEuropean perspective of HIV structural discrimination\u00bb.<\/em><\/strong><br>&#8211; <strong>Dr. Esteban Mart\u00ednez<\/strong>. European AIDS Clinical Society<br><br><strong><em>\u00abSpanish agenda to combat the HIV-related stigma and discrimination\u00bb.<\/em><\/strong><br>&#8211; <strong>Julia Del Amo. <\/strong>Directora de la Divisi\u00f3n de VIH, hepatitis virales, ITS y TB. Ministerio de Sanidad<br><br><strong><em>\u00abClosing remarks: conclusions and recommendations\u00bb.<\/em><\/strong><br>&#8211; <strong>Prof. Jeffrey Lazarus<\/strong>. HIV Outcomes \/ ISGlobal<br><br><strong>Patrocinada por:<\/strong> <img loading=\"lazy\" decoding=\"async\" width=\"500\" height=\"78\" class=\"wp-image-209\" style=\"width: 500px;\" src=\"https:\/\/www.seisida.net\/reunion2023\/wp-content\/uploads\/2023\/04\/HIV-OUTCOMES_GILEAD_VIIV.jpg\" alt=\"\" srcset=\"https:\/\/www.seisida.net\/reunion2023\/wp-content\/uploads\/2023\/04\/HIV-OUTCOMES_GILEAD_VIIV.jpg 632w, https:\/\/www.seisida.net\/reunion2023\/wp-content\/uploads\/2023\/04\/HIV-OUTCOMES_GILEAD_VIIV-300x47.jpg 300w\" sizes=\"auto, (max-width: 500px) 100vw, 500px\" \/><\/td><\/tr><tr><td>17.50 &#8211; 18.15<\/td><td><strong>Conferencia clausura: <em>\u00abEl papel del estigma en el alcance de la PrEP\u00bb<\/em><\/strong><br><br><strong>Modera:<\/strong> <strong>Juan Carlos L\u00f3pez Bernaldo de Quir\u00f3s.<\/strong> Fundaci\u00f3n SEISIDA \/ Hospital Gregorio Mara\u00f1\u00f3n.<br><br><strong>Ponente:<\/strong><br>&#8211; <strong>Carlos Iniesta M\u00e1rmol.<\/strong> Fundaci\u00f3n SEISIDA<br><br>Con la colaboraci\u00f3n de: <img loading=\"lazy\" decoding=\"async\" width=\"200\" height=\"68\" class=\"wp-image-210\" style=\"width: 200px;\" src=\"https:\/\/www.seisida.net\/reunion2023\/wp-content\/uploads\/2023\/04\/Logo_Ministerio_de_Sanidad.png\" alt=\"\" srcset=\"https:\/\/www.seisida.net\/reunion2023\/wp-content\/uploads\/2023\/04\/Logo_Ministerio_de_Sanidad.png 584w, https:\/\/www.seisida.net\/reunion2023\/wp-content\/uploads\/2023\/04\/Logo_Ministerio_de_Sanidad-300x103.png 300w\" sizes=\"auto, (max-width: 200px) 100vw, 200px\" \/><\/td><\/tr><tr><td>18.15 &#8211; 18.40<\/td><td><strong>Clausura y entrega de premios Mejor comunicaci\u00f3n y Revista Multidisciplinar del Sida (RMdS)<\/strong><br><br>&#8211; <strong>Paloma Collado. <\/strong>Coordinadora programa doctorado UNED-IMIENS<br>&#8211; <strong>Jos\u00e9 A. P\u00e9rez Molina.<\/strong> SEISIDA \/ Hospital Ram\u00f3n y Cajal.<br>&#8211; <strong>Angels Ja\u00e9n Manzanera.<\/strong> Fundaci\u00f3n Mutua de Terrassa<br>&#8211; <strong>M\u00aa Jos\u00e9 Fuster.<\/strong> SEISIDA \/ UNED<\/td><\/tr><\/tbody><\/table><\/figure>\n<\/div><\/div>\n\n\n\n<div class=\"wp-block-uagb-container uagb-block-8b2d3a3e alignfull uagb-is-root-container\"><div class=\"uagb-container-inner-blocks-wrap\"><\/div><\/div>\n\n\n\n<div class=\"wp-block-uagb-container uagb-block-98e4ed56 alignfull uagb-is-root-container\"><div class=\"uagb-container-inner-blocks-wrap\"><\/div><\/div>\n\n\n\n<div class=\"wp-block-uagb-container uagb-block-d88a7f50 alignfull uagb-is-root-container\"><div class=\"uagb-container-inner-blocks-wrap\">\n<div class=\"wp-block-uagb-container uagb-block-ad9cdb40\">\n<figure class=\"wp-block-image alignleft size-large\"><img loading=\"lazy\" decoding=\"async\" width=\"1024\" height=\"355\" src=\"https:\/\/www.seisida.net\/reunion2023\/wp-content\/uploads\/2023\/02\/logo-SEISIDA-PNG-1024x355.png\" alt=\"\" class=\"wp-image-42\" srcset=\"https:\/\/www.seisida.net\/reunion2023\/wp-content\/uploads\/2023\/02\/logo-SEISIDA-PNG-1024x355.png 1024w, https:\/\/www.seisida.net\/reunion2023\/wp-content\/uploads\/2023\/02\/logo-SEISIDA-PNG-300x104.png 300w, https:\/\/www.seisida.net\/reunion2023\/wp-content\/uploads\/2023\/02\/logo-SEISIDA-PNG-768x266.png 768w, https:\/\/www.seisida.net\/reunion2023\/wp-content\/uploads\/2023\/02\/logo-SEISIDA-PNG-1536x532.png 1536w, https:\/\/www.seisida.net\/reunion2023\/wp-content\/uploads\/2023\/02\/logo-SEISIDA-PNG-2048x710.png 2048w\" sizes=\"auto, (max-width: 1024px) 100vw, 1024px\" \/><\/figure>\n<\/div>\n\n\n\n<div class=\"wp-block-uagb-container uagb-block-27352d4b\"><\/div>\n\n\n\n<div class=\"wp-block-uagb-container uagb-block-29c80c20\">\n<figure class=\"wp-block-image alignright size-full is-resized\"><img loading=\"lazy\" decoding=\"async\" src=\"https:\/\/www.seisida.net\/reunion2023\/wp-content\/uploads\/2023\/04\/LOGO-UNED-50.jpg\" alt=\"\" class=\"wp-image-182\" width=\"187\" height=\"115\" srcset=\"https:\/\/www.seisida.net\/reunion2023\/wp-content\/uploads\/2023\/04\/LOGO-UNED-50.jpg 747w, https:\/\/www.seisida.net\/reunion2023\/wp-content\/uploads\/2023\/04\/LOGO-UNED-50-300x184.jpg 300w\" sizes=\"auto, (max-width: 187px) 100vw, 187px\" \/><\/figure>\n<\/div>\n<\/div><\/div>\n\n\n\n<div class=\"wp-block-uagb-container uagb-block-be28516d alignfull uagb-is-root-container\"><div class=\"uagb-container-inner-blocks-wrap\">\n<hr class=\"wp-block-separator has-alpha-channel-opacity is-style-wide\"\/>\n<\/div><\/div>\n\n\n\n<div class=\"wp-block-uagb-container uagb-block-ea01ebee alignfull uagb-is-root-container\"><div class=\"uagb-container-inner-blocks-wrap\">\n<h3 class=\"wp-block-heading has-ast-global-color-1-color has-text-color\">Con la colaboraci\u00f3n de:<\/h3>\n<\/div><\/div>\n\n\n\n<div class=\"wp-block-uagb-container uagb-block-ea584e7b alignfull uagb-is-root-container\"><div class=\"uagb-container-inner-blocks-wrap\">\n<figure class=\"wp-block-image size-full\"><img loading=\"lazy\" decoding=\"async\" width=\"1200\" height=\"500\" src=\"https:\/\/www.seisida.net\/reunion2023\/wp-content\/uploads\/2023\/05\/Con-la-colaboracion-de.jpg\" alt=\"\" class=\"wp-image-234\" srcset=\"https:\/\/www.seisida.net\/reunion2023\/wp-content\/uploads\/2023\/05\/Con-la-colaboracion-de.jpg 1200w, https:\/\/www.seisida.net\/reunion2023\/wp-content\/uploads\/2023\/05\/Con-la-colaboracion-de-300x125.jpg 300w, https:\/\/www.seisida.net\/reunion2023\/wp-content\/uploads\/2023\/05\/Con-la-colaboracion-de-1024x427.jpg 1024w, https:\/\/www.seisida.net\/reunion2023\/wp-content\/uploads\/2023\/05\/Con-la-colaboracion-de-768x320.jpg 768w\" sizes=\"auto, (max-width: 1200px) 100vw, 1200px\" \/><\/figure>\n<\/div><\/div>\n\n\n\n<div class=\"wp-block-uagb-container uagb-block-9a1b346a alignfull uagb-is-root-container\"><div class=\"uagb-container-inner-blocks-wrap\"><\/div><\/div>\n","protected":false},"excerpt":{"rendered":"<p>LUGAR DE CELEBRACI\u00d3N \/ SEDEFacultad de Educaci\u00f3n de la UNED. C\/ Juan del Rosal, 14. (28040) &#8211; Madrid. (ver en Google Maps) Hora PROGRAMA 10.30 &#8211; 11.00 Recepci\u00f3n y entrega de documentaci\u00f3n 11.00 &#8211; 11.20 Bienvenida &#8211; Mar\u00eda Jos\u00e9 Fuster Ruiz de Apodaca. Profesora Facultad de Psicolog\u00eda. UNED&#8211; Jos\u00e9 Antonio P\u00e9rez Molina. Presidente de SEISIDA&#8211; [&hellip;]<\/p>\n","protected":false},"author":1,"featured_media":0,"parent":0,"menu_order":0,"comment_status":"closed","ping_status":"closed","template":"","meta":{"_uag_custom_page_level_css":"","site-sidebar-layout":"default","site-content-layout":"","ast-site-content-layout":"default","site-content-style":"default","site-sidebar-style":"default","ast-global-header-display":"","ast-banner-title-visibility":"","ast-main-header-display":"","ast-hfb-above-header-display":"","ast-hfb-below-header-display":"","ast-hfb-mobile-header-display":"","site-post-title":"","ast-breadcrumbs-content":"","ast-featured-img":"","footer-sml-layout":"","ast-disable-related-posts":"","theme-transparent-header-meta":"","adv-header-id-meta":"","stick-header-meta":"","header-above-stick-meta":"","header-main-stick-meta":"","header-below-stick-meta":"","astra-migrate-meta-layouts":"default","ast-page-background-enabled":"default","ast-page-background-meta":{"desktop":{"background-color":"var(--ast-global-color-4)","background-image":"","background-repeat":"repeat","background-position":"center center","background-size":"auto","background-attachment":"scroll","background-type":"","background-media":"","overlay-type":"","overlay-color":"","overlay-opacity":"","overlay-gradient":""},"tablet":{"background-color":"","background-image":"","background-repeat":"repeat","background-position":"center center","background-size":"auto","background-attachment":"scroll","background-type":"","background-media":"","overlay-type":"","overlay-color":"","overlay-opacity":"","overlay-gradient":""},"mobile":{"background-color":"","background-image":"","background-repeat":"repeat","background-position":"center center","background-size":"auto","background-attachment":"scroll","background-type":"","background-media":"","overlay-type":"","overlay-color":"","overlay-opacity":"","overlay-gradient":""}},"ast-content-background-meta":{"desktop":{"background-color":"var(--ast-global-color-5)","background-image":"","background-repeat":"repeat","background-position":"center center","background-size":"auto","background-attachment":"scroll","background-type":"","background-media":"","overlay-type":"","overlay-color":"","overlay-opacity":"","overlay-gradient":""},"tablet":{"background-color":"var(--ast-global-color-5)","background-image":"","background-repeat":"repeat","background-position":"center center","background-size":"auto","background-attachment":"scroll","background-type":"","background-media":"","overlay-type":"","overlay-color":"","overlay-opacity":"","overlay-gradient":""},"mobile":{"background-color":"var(--ast-global-color-5)","background-image":"","background-repeat":"repeat","background-position":"center center","background-size":"auto","background-attachment":"scroll","background-type":"","background-media":"","overlay-type":"","overlay-color":"","overlay-opacity":"","overlay-gradient":""}},"footnotes":""},"class_list":["post-13","page","type-page","status-publish","hentry"],"uagb_featured_image_src":{"full":false,"thumbnail":false,"medium":false,"medium_large":false,"large":false,"1536x1536":false,"2048x2048":false},"uagb_author_info":{"display_name":"@dministrador","author_link":"https:\/\/www.seisida.net\/reunion2023\/author\/dministrador\/"},"uagb_comment_info":0,"uagb_excerpt":"LUGAR DE CELEBRACI\u00d3N \/ SEDEFacultad de Educaci\u00f3n de la UNED. C\/ Juan del Rosal, 14. (28040) &#8211; Madrid. (ver en Google Maps) Hora PROGRAMA 10.30 &#8211; 11.00 Recepci\u00f3n y entrega de documentaci\u00f3n 11.00 &#8211; 11.20 Bienvenida &#8211; Mar\u00eda Jos\u00e9 Fuster Ruiz de Apodaca. Profesora Facultad de Psicolog\u00eda. UNED&#8211; Jos\u00e9 Antonio P\u00e9rez Molina. Presidente de SEISIDA&#8211;&hellip;","_links":{"self":[{"href":"https:\/\/www.seisida.net\/reunion2023\/wp-json\/wp\/v2\/pages\/13","targetHints":{"allow":["GET"]}}],"collection":[{"href":"https:\/\/www.seisida.net\/reunion2023\/wp-json\/wp\/v2\/pages"}],"about":[{"href":"https:\/\/www.seisida.net\/reunion2023\/wp-json\/wp\/v2\/types\/page"}],"author":[{"embeddable":true,"href":"https:\/\/www.seisida.net\/reunion2023\/wp-json\/wp\/v2\/users\/1"}],"replies":[{"embeddable":true,"href":"https:\/\/www.seisida.net\/reunion2023\/wp-json\/wp\/v2\/comments?post=13"}],"version-history":[{"count":38,"href":"https:\/\/www.seisida.net\/reunion2023\/wp-json\/wp\/v2\/pages\/13\/revisions"}],"predecessor-version":[{"id":253,"href":"https:\/\/www.seisida.net\/reunion2023\/wp-json\/wp\/v2\/pages\/13\/revisions\/253"}],"wp:attachment":[{"href":"https:\/\/www.seisida.net\/reunion2023\/wp-json\/wp\/v2\/media?parent=13"}],"curies":[{"name":"wp","href":"https:\/\/api.w.org\/{rel}","templated":true}]}}