{"id":11,"date":"2023-02-16T16:56:46","date_gmt":"2023-02-16T16:56:46","guid":{"rendered":"https:\/\/www.seisida.net\/reunion2023\/?page_id=11"},"modified":"2023-05-09T14:40:15","modified_gmt":"2023-05-09T14:40:15","slug":"organizacion","status":"publish","type":"page","link":"https:\/\/www.seisida.net\/reunion2023\/organizacion\/","title":{"rendered":"Organizaci\u00f3n"},"content":{"rendered":"\n<div class=\"wp-block-uagb-container uagb-block-14bbca88 alignfull uagb-is-root-container\"><div class=\"uagb-container-inner-blocks-wrap\">\n<div class=\"wp-block-uagb-container uagb-block-fac97cfb\">\n<p class=\"has-medium-font-size\"><strong>Organiza<\/strong><\/p>\n\n\n\n<figure class=\"wp-block-image size-large\"><img loading=\"lazy\" decoding=\"async\" width=\"1024\" height=\"355\" src=\"https:\/\/www.seisida.net\/reunion2023\/wp-content\/uploads\/2023\/02\/logo-SEISIDA-PNG-1024x355.png\" alt=\"\" class=\"wp-image-42\" srcset=\"https:\/\/www.seisida.net\/reunion2023\/wp-content\/uploads\/2023\/02\/logo-SEISIDA-PNG-1024x355.png 1024w, https:\/\/www.seisida.net\/reunion2023\/wp-content\/uploads\/2023\/02\/logo-SEISIDA-PNG-300x104.png 300w, https:\/\/www.seisida.net\/reunion2023\/wp-content\/uploads\/2023\/02\/logo-SEISIDA-PNG-768x266.png 768w, https:\/\/www.seisida.net\/reunion2023\/wp-content\/uploads\/2023\/02\/logo-SEISIDA-PNG-1536x532.png 1536w, https:\/\/www.seisida.net\/reunion2023\/wp-content\/uploads\/2023\/02\/logo-SEISIDA-PNG-2048x710.png 2048w\" sizes=\"auto, (max-width: 1024px) 100vw, 1024px\" \/><\/figure>\n<\/div>\n\n\n\n<div class=\"wp-block-uagb-container uagb-block-abcf881e\">\n<p class=\"has-medium-font-size\"><strong>Comit\u00e9 Cient\u00edfico y Organizador<\/strong><\/p>\n\n\n\n<p><strong>Presidente<\/strong>s:<br><strong>Jos\u00e9 Antonio P\u00e9rez Molina.<\/strong> Hospital Universitario Ram\u00f3n y Cajal, Madrid<br><strong>M\u00aa Jos\u00e9 Fuster.<\/strong> UNED \/ SEISIDA, Madrid<br><br><strong>\u00b7 Mar\u00eda Jos\u00e9 Crusells.<\/strong> Hospital Cl\u00ednico Universitario Lozano Blesa, Zaragoza.<br><strong>\u00b7 Francisco Mart\u00ednez Batlle.<\/strong> Grupo de Trabajo sobre Tratamientos del VIH (gTt-VIH), Barcelona<br><strong>\u00b7 Jordi Puig.<\/strong> Hospital Universitario Germans Trias i Pujol, Badalona<br><strong>\u00b7 M. I. Concepci\u00f3n Amador.<\/strong> Hospital Marina Baixa. La Vila Joiosa, Alicante<br><strong>\u00b7 Pablo Ryan Murua.<\/strong> Hospital Infanta Leonor, Madrid.<br><strong>\u00b7 Jara Llenas Garc\u00eda.<\/strong> Hospital Vega Baja, Orihuela, Alicante.<br><strong>\u00b7 Margarita Ram\u00edrez Schacke.<\/strong> Hospital General Universitario Gregorio Mara\u00f1\u00f3n, Madrid<br><strong>\u00b7 Paulina Ram\u00edrez Carvajal.<\/strong> Universidad de Alcal\u00e1 de Henares, Madrid<br><strong>\u00b7 Antonio Ocampo Hermida.<\/strong> Hospital Alvaro Cunqueiro, Vigo<br><strong>\u00b7 Angels Jaen.<\/strong> Fundaci\u00f3 Doc\u00e8ncia i Recerca M\u00fatua Terrassa<br><strong>\u00b7 Piedad Arazo.<\/strong> Hospital Universitario Miguel Servet, Zaragoza<br><strong>\u00b7 Juan Carlos L\u00f3pez.<\/strong> Fundaci\u00f3n SEISIDA, Madrid<br><strong>\u00b7 M\u00aa Jos\u00e9 Galindo.<\/strong> Fundaci\u00f3n SEISIDA, Madrid<br><strong>\u00b7 Marta Pastor.<\/strong> Fundaci\u00f3n SEISIDA, Madrid<br><strong>\u00b7 Javier Toledo.<\/strong> Fundaci\u00f3n SEISIDA, Madrid<br><strong>\u00b7 Mar\u00eda Eugenia Negredo.<\/strong> Fundaci\u00f3n SEISIDA, Madrid<br><strong>\u00b7 Ana Lagu\u00eda.<\/strong> Facultad de Psicolog\u00eda, UNED<br><strong>\u00b7 Patricia Recio.<\/strong> Facultad de Psicolog\u00eda, UNED<br><strong>\u00b7 Antonio Bustillo.<\/strong> Facultad de Psicolog\u00eda, UNED<br><strong>\u00b7 Fernando Molero.<\/strong> Facultad de Psicolog\u00eda, UNED<\/p>\n\n\n\n<p><\/p>\n<\/div>\n<\/div><\/div>\n\n\n\n<div class=\"wp-block-uagb-container uagb-block-56a7ea8c alignfull uagb-is-root-container\"><div class=\"uagb-container-inner-blocks-wrap\"><\/div><\/div>\n\n\n\n<div class=\"wp-block-uagb-container uagb-block-dd3946b0 alignfull uagb-is-root-container\"><div class=\"uagb-container-inner-blocks-wrap\">\n<div class=\"wp-block-uagb-container uagb-block-8dd90109\">\n<figure class=\"wp-block-image alignleft size-large\"><img loading=\"lazy\" decoding=\"async\" width=\"1024\" height=\"355\" src=\"https:\/\/www.seisida.net\/reunion2023\/wp-content\/uploads\/2023\/02\/logo-SEISIDA-PNG-1024x355.png\" alt=\"\" class=\"wp-image-42\" srcset=\"https:\/\/www.seisida.net\/reunion2023\/wp-content\/uploads\/2023\/02\/logo-SEISIDA-PNG-1024x355.png 1024w, https:\/\/www.seisida.net\/reunion2023\/wp-content\/uploads\/2023\/02\/logo-SEISIDA-PNG-300x104.png 300w, https:\/\/www.seisida.net\/reunion2023\/wp-content\/uploads\/2023\/02\/logo-SEISIDA-PNG-768x266.png 768w, https:\/\/www.seisida.net\/reunion2023\/wp-content\/uploads\/2023\/02\/logo-SEISIDA-PNG-1536x532.png 1536w, https:\/\/www.seisida.net\/reunion2023\/wp-content\/uploads\/2023\/02\/logo-SEISIDA-PNG-2048x710.png 2048w\" sizes=\"auto, (max-width: 1024px) 100vw, 1024px\" \/><\/figure>\n<\/div>\n\n\n\n<div class=\"wp-block-uagb-container uagb-block-6b25b498\"><\/div>\n\n\n\n<div class=\"wp-block-uagb-container uagb-block-d95a7780\">\n<figure class=\"wp-block-image alignright size-full is-resized\"><img loading=\"lazy\" decoding=\"async\" src=\"https:\/\/www.seisida.net\/reunion2023\/wp-content\/uploads\/2023\/04\/LOGO-UNED-50.jpg\" alt=\"\" class=\"wp-image-182\" width=\"187\" height=\"115\" srcset=\"https:\/\/www.seisida.net\/reunion2023\/wp-content\/uploads\/2023\/04\/LOGO-UNED-50.jpg 747w, https:\/\/www.seisida.net\/reunion2023\/wp-content\/uploads\/2023\/04\/LOGO-UNED-50-300x184.jpg 300w\" sizes=\"auto, (max-width: 187px) 100vw, 187px\" \/><\/figure>\n<\/div>\n<\/div><\/div>\n\n\n\n<div class=\"wp-block-uagb-container uagb-block-83eb1cf2 alignfull uagb-is-root-container\"><div class=\"uagb-container-inner-blocks-wrap\">\n<hr class=\"wp-block-separator has-alpha-channel-opacity is-style-wide\"\/>\n<\/div><\/div>\n\n\n\n<div class=\"wp-block-uagb-container uagb-block-2236ed63 alignfull uagb-is-root-container\"><div class=\"uagb-container-inner-blocks-wrap\">\n<h3 class=\"wp-block-heading has-ast-global-color-1-color has-text-color\">Con la colaboraci\u00f3n de:<\/h3>\n<\/div><\/div>\n\n\n\n<div class=\"wp-block-uagb-container uagb-block-4e5533a2 alignfull uagb-is-root-container\"><div class=\"uagb-container-inner-blocks-wrap\">\n<figure class=\"wp-block-image size-full\"><img loading=\"lazy\" decoding=\"async\" width=\"1200\" height=\"500\" src=\"https:\/\/www.seisida.net\/reunion2023\/wp-content\/uploads\/2023\/05\/Con-la-colaboracion-de.jpg\" alt=\"\" class=\"wp-image-234\" srcset=\"https:\/\/www.seisida.net\/reunion2023\/wp-content\/uploads\/2023\/05\/Con-la-colaboracion-de.jpg 1200w, https:\/\/www.seisida.net\/reunion2023\/wp-content\/uploads\/2023\/05\/Con-la-colaboracion-de-300x125.jpg 300w, https:\/\/www.seisida.net\/reunion2023\/wp-content\/uploads\/2023\/05\/Con-la-colaboracion-de-1024x427.jpg 1024w, https:\/\/www.seisida.net\/reunion2023\/wp-content\/uploads\/2023\/05\/Con-la-colaboracion-de-768x320.jpg 768w\" sizes=\"auto, (max-width: 1200px) 100vw, 1200px\" \/><\/figure>\n<\/div><\/div>\n","protected":false},"excerpt":{"rendered":"<p>Organiza Comit\u00e9 Cient\u00edfico y Organizador Presidentes:Jos\u00e9 Antonio P\u00e9rez Molina. Hospital Universitario Ram\u00f3n y Cajal, MadridM\u00aa Jos\u00e9 Fuster. UNED \/ SEISIDA, Madrid \u00b7 Mar\u00eda Jos\u00e9 Crusells. Hospital Cl\u00ednico Universitario Lozano Blesa, Zaragoza.\u00b7 Francisco Mart\u00ednez Batlle. Grupo de Trabajo sobre Tratamientos del VIH (gTt-VIH), Barcelona\u00b7 Jordi Puig. Hospital Universitario Germans Trias i Pujol, Badalona\u00b7 M. I. Concepci\u00f3n [&hellip;]<\/p>\n","protected":false},"author":1,"featured_media":0,"parent":0,"menu_order":0,"comment_status":"closed","ping_status":"closed","template":"","meta":{"_uag_custom_page_level_css":"","site-sidebar-layout":"default","site-content-layout":"","ast-site-content-layout":"default","site-content-style":"default","site-sidebar-style":"default","ast-global-header-display":"","ast-banner-title-visibility":"","ast-main-header-display":"","ast-hfb-above-header-display":"","ast-hfb-below-header-display":"","ast-hfb-mobile-header-display":"","site-post-title":"","ast-breadcrumbs-content":"","ast-featured-img":"","footer-sml-layout":"","ast-disable-related-posts":"","theme-transparent-header-meta":"","adv-header-id-meta":"","stick-header-meta":"","header-above-stick-meta":"","header-main-stick-meta":"","header-below-stick-meta":"","astra-migrate-meta-layouts":"default","ast-page-background-enabled":"default","ast-page-background-meta":{"desktop":{"background-color":"var(--ast-global-color-4)","background-image":"","background-repeat":"repeat","background-position":"center center","background-size":"auto","background-attachment":"scroll","background-type":"","background-media":"","overlay-type":"","overlay-color":"","overlay-opacity":"","overlay-gradient":""},"tablet":{"background-color":"","background-image":"","background-repeat":"repeat","background-position":"center center","background-size":"auto","background-attachment":"scroll","background-type":"","background-media":"","overlay-type":"","overlay-color":"","overlay-opacity":"","overlay-gradient":""},"mobile":{"background-color":"","background-image":"","background-repeat":"repeat","background-position":"center center","background-size":"auto","background-attachment":"scroll","background-type":"","background-media":"","overlay-type":"","overlay-color":"","overlay-opacity":"","overlay-gradient":""}},"ast-content-background-meta":{"desktop":{"background-color":"var(--ast-global-color-5)","background-image":"","background-repeat":"repeat","background-position":"center center","background-size":"auto","background-attachment":"scroll","background-type":"","background-media":"","overlay-type":"","overlay-color":"","overlay-opacity":"","overlay-gradient":""},"tablet":{"background-color":"var(--ast-global-color-5)","background-image":"","background-repeat":"repeat","background-position":"center center","background-size":"auto","background-attachment":"scroll","background-type":"","background-media":"","overlay-type":"","overlay-color":"","overlay-opacity":"","overlay-gradient":""},"mobile":{"background-color":"var(--ast-global-color-5)","background-image":"","background-repeat":"repeat","background-position":"center center","background-size":"auto","background-attachment":"scroll","background-type":"","background-media":"","overlay-type":"","overlay-color":"","overlay-opacity":"","overlay-gradient":""}},"footnotes":""},"class_list":["post-11","page","type-page","status-publish","hentry"],"uagb_featured_image_src":{"full":false,"thumbnail":false,"medium":false,"medium_large":false,"large":false,"1536x1536":false,"2048x2048":false},"uagb_author_info":{"display_name":"@dministrador","author_link":"https:\/\/www.seisida.net\/reunion2023\/author\/dministrador\/"},"uagb_comment_info":0,"uagb_excerpt":"Organiza Comit\u00e9 Cient\u00edfico y Organizador Presidentes:Jos\u00e9 Antonio P\u00e9rez Molina. Hospital Universitario Ram\u00f3n y Cajal, MadridM\u00aa Jos\u00e9 Fuster. UNED \/ SEISIDA, Madrid \u00b7 Mar\u00eda Jos\u00e9 Crusells. Hospital Cl\u00ednico Universitario Lozano Blesa, Zaragoza.\u00b7 Francisco Mart\u00ednez Batlle. Grupo de Trabajo sobre Tratamientos del VIH (gTt-VIH), Barcelona\u00b7 Jordi Puig. Hospital Universitario Germans Trias i Pujol, Badalona\u00b7 M. I. Concepci\u00f3n&hellip;","_links":{"self":[{"href":"https:\/\/www.seisida.net\/reunion2023\/wp-json\/wp\/v2\/pages\/11","targetHints":{"allow":["GET"]}}],"collection":[{"href":"https:\/\/www.seisida.net\/reunion2023\/wp-json\/wp\/v2\/pages"}],"about":[{"href":"https:\/\/www.seisida.net\/reunion2023\/wp-json\/wp\/v2\/types\/page"}],"author":[{"embeddable":true,"href":"https:\/\/www.seisida.net\/reunion2023\/wp-json\/wp\/v2\/users\/1"}],"replies":[{"embeddable":true,"href":"https:\/\/www.seisida.net\/reunion2023\/wp-json\/wp\/v2\/comments?post=11"}],"version-history":[{"count":21,"href":"https:\/\/www.seisida.net\/reunion2023\/wp-json\/wp\/v2\/pages\/11\/revisions"}],"predecessor-version":[{"id":240,"href":"https:\/\/www.seisida.net\/reunion2023\/wp-json\/wp\/v2\/pages\/11\/revisions\/240"}],"wp:attachment":[{"href":"https:\/\/www.seisida.net\/reunion2023\/wp-json\/wp\/v2\/media?parent=11"}],"curies":[{"name":"wp","href":"https:\/\/api.w.org\/{rel}","templated":true}]}}