{"id":55,"date":"2021-02-25T11:18:44","date_gmt":"2021-02-25T11:18:44","guid":{"rendered":"https:\/\/www.seisida.net\/reunion2021\/?page_id=55"},"modified":"2021-10-03T17:33:51","modified_gmt":"2021-10-03T17:33:51","slug":"comunicaciones","status":"publish","type":"page","link":"https:\/\/www.seisida.net\/reunion2021\/comunicaciones\/","title":{"rendered":"Comunicaciones"},"content":{"rendered":"<div class=\"fusion-fullwidth fullwidth-box fusion-builder-row-1 fusion-flex-container nonhundred-percent-fullwidth non-hundred-percent-height-scrolling\" style=\"background-color: rgba(255,255,255,0);background-position: center center;background-repeat: no-repeat;border-width: 0px 0px 0px 0px;border-color:#e2e2e2;border-style:solid;\" ><div class=\"fusion-builder-row fusion-row fusion-flex-align-items-flex-start\" style=\"max-width:1248px;margin-left: calc(-4% \/ 2 );margin-right: calc(-4% \/ 2 );\"><div class=\"fusion-layout-column fusion_builder_column fusion-builder-column-0 fusion_builder_column_1_3 1_3 fusion-flex-column\"><div class=\"fusion-column-wrapper fusion-flex-justify-content-flex-start fusion-content-layout-column\" style=\"background-position:left top;background-repeat:no-repeat;-webkit-background-size:cover;-moz-background-size:cover;-o-background-size:cover;background-size:cover;padding: 0px 0px 0px 0px;\"><div style=\"text-align:left;\"><span class=\" fusion-imageframe imageframe-none imageframe-1 hover-type-none\"><img decoding=\"async\" width=\"2202\" height=\"2160\" title=\"img-comunicaciones\" src=\"https:\/\/www.seisida.net\/reunion2021\/wp-content\/uploads\/2021\/02\/img-comunicaciones.png\" class=\"img-responsive wp-image-62\" srcset=\"https:\/\/www.seisida.net\/reunion2021\/wp-content\/uploads\/2021\/02\/img-comunicaciones-200x196.png 200w, https:\/\/www.seisida.net\/reunion2021\/wp-content\/uploads\/2021\/02\/img-comunicaciones-400x392.png 400w, https:\/\/www.seisida.net\/reunion2021\/wp-content\/uploads\/2021\/02\/img-comunicaciones-600x589.png 600w, https:\/\/www.seisida.net\/reunion2021\/wp-content\/uploads\/2021\/02\/img-comunicaciones-800x785.png 800w, https:\/\/www.seisida.net\/reunion2021\/wp-content\/uploads\/2021\/02\/img-comunicaciones-1200x1177.png 1200w, https:\/\/www.seisida.net\/reunion2021\/wp-content\/uploads\/2021\/02\/img-comunicaciones.png 2202w\" sizes=\"(max-width: 640px) 100vw, 400px\" \/><\/span><\/div><\/div><style type=\"text\/css\">.fusion-body .fusion-builder-column-0{width:33.333333333333% !important;margin-top : 0px;margin-bottom : 20px;}.fusion-builder-column-0 > .fusion-column-wrapper {padding-top : 0px !important;padding-right : 0px !important;margin-right : 5.76%;padding-bottom : 0px !important;padding-left : 0px !important;margin-left : 5.76%;}@media only screen and (max-width:1024px) {.fusion-body .fusion-builder-column-0{width:33.333333333333% !important;order : 0;}.fusion-builder-column-0 > .fusion-column-wrapper {margin-right : 5.76%;margin-left : 5.76%;}}@media only screen and (max-width:640px) {.fusion-body .fusion-builder-column-0{width:100% !important;order : 0;}.fusion-builder-column-0 > .fusion-column-wrapper {margin-right : 1.92%;margin-left : 1.92%;}}<\/style><\/div><div class=\"fusion-layout-column fusion_builder_column fusion-builder-column-1 fusion_builder_column_2_3 2_3 fusion-flex-column\"><div class=\"fusion-column-wrapper fusion-flex-justify-content-flex-start fusion-content-layout-column\" style=\"background-position:left top;background-repeat:no-repeat;-webkit-background-size:cover;-moz-background-size:cover;-o-background-size:cover;background-size:cover;padding: 0px 0px 0px 0px;\"><div class=\"fusion-text fusion-text-1\"><p>El Comit\u00e9 Cient\u00edfico y Organizador de la Reuni\u00f3n virtual <strong>\u201cSeparados por la COVID-19 pero m\u00e1s juntos que nunca\u201d<\/strong>, una vez realizada la valoraci\u00f3n de todos los trabajos recibidos, ha seleccionado como <strong>Comunicaciones Orales<\/strong>:<\/p>\n<p><strong>CO.1 \u2013 \u00abEvaluaci\u00f3n de un programa de intervenci\u00f3n entre pares en el entorno hospitalario para mejorar la calidad de vida relacionada con la salud de las personas reci\u00e9n diagnosticadas con el VIH\u00bb<\/strong><br \/>\n<span style=\"text-decoration: underline;\">Autor principal:<\/span> <strong>Alejandro Bert\u00f3-Moran<\/strong>. Adhara Sevilla Checkpoint<\/p>\n<p><strong>CO.2 \u2013 \u00abImpacto autopercibido del Chemsex en hombres gais, bisexuales y otros HSH en Barcelona\u00bb<\/strong><br \/>\n<span style=\"text-decoration: underline;\">Autor principal:<\/span><strong> Juan Manuel Leyva.<\/strong> Universitat Aut\u00f2noma de Barcelona<\/p>\n<p><strong>CO.3 \u2013 \u00abProyecto DIVERSIA: Un ejemplo de la aplicaci\u00f3n del MODELO \u00d3PTIMO DE CUIDADOS a la atenci\u00f3n a personas con VIH\u00bb<\/strong><br \/>\n<span style=\"text-decoration: underline;\">Autor principal:<\/span> <strong>Carlos Garc\u00eda-Gom\u00e1riz.<\/strong> CCASCV, Comit\u00e9 Ciudadano Antisida de la Comunidad Valenciana<\/p>\n<p><strong>CO.4 \u2013 \u00abImpacto sind\u00e9mico sobre la calidad de vida de las personas que viven con el VIH, Catalu\u00f1a y las Islas Baleares. Proyecto VIVE+\u00bb<\/strong><br \/>\n<span style=\"text-decoration: underline;\">Autora principal:<\/span> <strong>Juliana Reyes-Urue\u00f1a<\/strong>. Centre of epidemiological studies on sexually transmitted infections and AIDS of Catalonia (CEEISCAT)<\/p>\n<p><strong>CO.5 \u2013 \u00abUnderstanding the concerns of people with HIV in Spain in relation with HIV treatment\u00bb<\/strong><br \/>\n<span style=\"text-decoration: underline;\">Autora principal:<\/span> <strong>Mar\u00eda Jes\u00fas V\u00e1zquez.<\/strong> ViiV Healthcare<\/p>\n<p>y como <strong>P\u00f3ster Online:<\/strong><\/p>\n<p><strong>P.1<\/strong> &#8211; <a href=\"https:\/\/www.seisida.net\/reunion2021\/wp-content\/uploads\/2021\/10\/SEISIDA2021_P_01_Angel-Lopez-Garcia.pdf\" target=\"_blank\" rel=\"noopener\">Relaci\u00f3n entre el estigma social asociado al Virus de la Inmunodeficiencia Humana (VIH) y la calidad de vida de las personas que viven con VIH (PVVIH).<\/a><br \/>\n<strong>P.2 &#8211;<\/strong> <a href=\"https:\/\/www.seisida.net\/reunion2021\/wp-content\/uploads\/2021\/10\/SEISIDA2021_P_02_Juliana-Reyes-Uruena.pdf\" target=\"_blank\" rel=\"noopener\">Prevalencia factores asociados con s\u00edntomas depresivos en personas que viven con VIH en Catalu\u00f1a y las Islas Baleares. Proyecto VIVE+.<\/a><br \/>\n<strong>P.3 &#8211;<\/strong> <a href=\"https:\/\/www.seisida.net\/reunion2021\/wp-content\/uploads\/2021\/10\/SEISIDA2021_P_03_Blasco-Serret_Anna.pdf\" target=\"_blank\" rel=\"noopener\">\u00bfD\u00f3nde quedan las mujeres trans en los sistemas formales de informaci\u00f3n sobre el VIH?<\/a><br \/>\n<strong>P.4 &#8211;<\/strong> <a href=\"https:\/\/www.seisida.net\/reunion2021\/wp-content\/uploads\/2021\/10\/SEISIDA2021_P_04_Cinta-Folch.pdf\" target=\"_blank\" rel=\"noopener\">Impacto de la COVID 19 en hombres gais, bisexuales y otros HSH seg\u00fan patr\u00f3n de consumo de drogas.<\/a><br \/>\n<strong>P.5 &#8211;<\/strong> <a href=\"https:\/\/www.seisida.net\/reunion2021\/wp-content\/uploads\/2021\/10\/SEISIDA2021-P_05_Lucio_Garcia.pdf\" target=\"_blank\" rel=\"noopener\">Cribado de ITS y COVID19 mediante estrategia combinada Serol\u00f3gica \/ PCR \u201cEn el punto de atenci\u00f3n\u201d en usuarios de Chemsex en seguimiento a nivel comunitario.<\/a><br \/>\n<strong>P.6 &#8211;<\/strong> <a href=\"https:\/\/www.seisida.net\/reunion2021\/wp-content\/uploads\/2021\/10\/SEISIDA2021-P_06_Victoria-Hernando.pdf\" target=\"_blank\" rel=\"noopener\">Evaluaci\u00f3n del impacto de la COVID-19 en los Centros de Atenci\u00f3n a ITS\/VIH (Redes EPI-ITS y EPI-VIH) en Espa\u00f1a.<\/a><br \/>\n<strong>P.7 &#8211;<\/strong> <a href=\"https:\/\/www.seisida.net\/reunion2021\/wp-content\/uploads\/2021\/10\/SEISIDA2021-P_07_-Manuel-Reiriz.pdf\" target=\"_blank\" rel=\"noopener\">Impacto del servicio de env\u00edo a domicilio de Autotest y Material Preventivo durante la pandemia del COVID-19.<\/a><br \/>\n<strong>P.8 &#8211;<\/strong> <a href=\"https:\/\/www.seisida.net\/reunion2021\/wp-content\/uploads\/2021\/10\/SEISIDA2021-P_08_Pablo-Barrio-Fernandez.pdf\" target=\"_blank\" rel=\"noopener\">Descripci\u00f3n del comportamiento y variables psicol\u00f3gicas en usuarios de Chemsex durante el confinamiento en la primera ola de COVID-19 en Madrid.<\/a><br \/>\n<strong>P.9 &#8211;<\/strong> <a href=\"https:\/\/www.seisida.net\/reunion2021\/wp-content\/uploads\/2021\/10\/SEISIDA2021-P_09_Lorena-Ibarguchi.pdf\" target=\"_blank\" rel=\"noopener\">Relaci\u00f3n entre presencia de ansiedad y depresi\u00f3n seg\u00fan existencia de problemas relacionados con consumo de sustancias durante el confinamiento de la primera ola de COVID-19.<\/a><br \/>\n<strong>P.10 &#8211;<\/strong> <a href=\"https:\/\/www.seisida.net\/reunion2021\/wp-content\/uploads\/2021\/10\/SEISIDA2021-P_10_Jose-Manuel-Canales.pdf\" target=\"_blank\" rel=\"noopener\">Mejora de la adherencia al tratamiento retroviral de las personas con VIH atendidas en las viviendas tuteladas del Comit\u00e9 de Valencia.<\/a><br \/>\n<strong>P.11 &#8211;<\/strong> <a href=\"https:\/\/www.seisida.net\/reunion2021\/wp-content\/uploads\/2021\/10\/SEISIDA2021-P_11_Ariadna-Huertas.pdf\" target=\"_blank\" rel=\"noopener\">Cuidados en las mujeres con VIH; acompa\u00f1amiento en la toma de sus decisiones reproductivas.<\/a><br \/>\n<strong>P.12 &#8211;<\/strong> <a href=\"https:\/\/www.seisida.net\/reunion2021\/wp-content\/uploads\/2021\/10\/SEISIDA2021-P_12_Silvia-Grases.pdf\" target=\"_blank\" rel=\"noopener\">Valor de la experiencia subjetiva de la hemofilia y de los contagios por el VIH y\/o el VHC frente al SARS-CoV-2.<\/a><br \/>\n<strong>P.13 &#8211;<\/strong> <a href=\"https:\/\/www.seisida.net\/reunion2021\/wp-content\/uploads\/2021\/10\/SEISIDA2021-P_13_Fernandez-Horcajo_Maria-Dolores.pdf\" target=\"_blank\" rel=\"noopener\">10 a\u00f1os de la Agrupaci\u00f3n Prueba de VIHda.<\/a><br \/>\n<strong>P.14 &#8211;<\/strong> <a href=\"https:\/\/www.seisida.net\/reunion2021\/wp-content\/uploads\/2021\/10\/SEISIDA2021-P_14_Jose-Manuel-Canales.pdf\" target=\"_blank\" rel=\"noopener\">Detecci\u00f3n precoz del VIH en personas usuarias de drogas.<\/a><br \/>\n<strong>P.15 &#8211;<\/strong> <a href=\"https:\/\/www.seisida.net\/reunion2021\/wp-content\/uploads\/2021\/10\/SEISIDA2021-P_15_Gerardo-Perigali.pdf\" target=\"_blank\" rel=\"noopener\">El estigma y la discriminaci\u00f3n en mujer vih\/sida.<\/a><br \/>\n<strong>P.16 &#8211;<\/strong> <a href=\"https:\/\/www.seisida.net\/reunion2021\/wp-content\/uploads\/2021\/10\/SEISIDA2021-P_16_Joan-A-Bennasar.pdf\" target=\"_blank\" rel=\"noopener\">I=I \u00bfQu\u00e9 conoce la sociedad espa\u00f1ola de esta ecuaci\u00f3n?<\/a><br \/>\n<strong>P.17 &#8211;<\/strong> <a href=\"https:\/\/www.seisida.net\/reunion2021\/wp-content\/uploads\/2021\/10\/SEISIDA2021-P_17_Joan-A-Bennasar.pdf\" target=\"_blank\" rel=\"noopener\">Estrategias para la prevenci\u00f3n en salud sexual en entornos de aplicaciones para ligar.<\/a><\/p>\n<\/div><\/div><style type=\"text\/css\">.fusion-body .fusion-builder-column-1{width:66.666666666667% !important;margin-top : 0px;margin-bottom : 20px;}.fusion-builder-column-1 > .fusion-column-wrapper {padding-top : 0px !important;padding-right : 0px !important;margin-right : 2.88%;padding-bottom : 0px !important;padding-left : 0px !important;margin-left : 2.88%;}@media only screen and (max-width:1024px) {.fusion-body .fusion-builder-column-1{width:66.666666666667% !important;order : 0;}.fusion-builder-column-1 > .fusion-column-wrapper {margin-right : 2.88%;margin-left : 2.88%;}}@media only screen and (max-width:640px) {.fusion-body .fusion-builder-column-1{width:100% !important;order : 0;}.fusion-builder-column-1 > .fusion-column-wrapper {margin-right : 1.92%;margin-left : 1.92%;}}<\/style><\/div><\/div><style type=\"text\/css\">.fusion-body .fusion-flex-container.fusion-builder-row-1{ padding-top : 0px;margin-top : 0px;padding-right : 0px;padding-bottom : 0px;margin-bottom : 0px;padding-left : 0px;}<\/style><\/div>\n","protected":false},"excerpt":{"rendered":"","protected":false},"author":1,"featured_media":0,"parent":0,"menu_order":0,"comment_status":"closed","ping_status":"closed","template":"","meta":{"footnotes":""},"class_list":["post-55","page","type-page","status-publish","hentry"],"_links":{"self":[{"href":"https:\/\/www.seisida.net\/reunion2021\/wp-json\/wp\/v2\/pages\/55","targetHints":{"allow":["GET"]}}],"collection":[{"href":"https:\/\/www.seisida.net\/reunion2021\/wp-json\/wp\/v2\/pages"}],"about":[{"href":"https:\/\/www.seisida.net\/reunion2021\/wp-json\/wp\/v2\/types\/page"}],"author":[{"embeddable":true,"href":"https:\/\/www.seisida.net\/reunion2021\/wp-json\/wp\/v2\/users\/1"}],"replies":[{"embeddable":true,"href":"https:\/\/www.seisida.net\/reunion2021\/wp-json\/wp\/v2\/comments?post=55"}],"version-history":[{"count":16,"href":"https:\/\/www.seisida.net\/reunion2021\/wp-json\/wp\/v2\/pages\/55\/revisions"}],"predecessor-version":[{"id":305,"href":"https:\/\/www.seisida.net\/reunion2021\/wp-json\/wp\/v2\/pages\/55\/revisions\/305"}],"wp:attachment":[{"href":"https:\/\/www.seisida.net\/reunion2021\/wp-json\/wp\/v2\/media?parent=55"}],"curies":[{"name":"wp","href":"https:\/\/api.w.org\/{rel}","templated":true}]}}