{"id":12,"date":"2021-02-24T10:27:49","date_gmt":"2021-02-24T10:27:49","guid":{"rendered":"https:\/\/www.seisida.net\/reunion2021\/?page_id=12"},"modified":"2021-02-25T17:42:31","modified_gmt":"2021-02-25T17:42:31","slug":"organizacion","status":"publish","type":"page","link":"https:\/\/www.seisida.net\/reunion2021\/organizacion\/","title":{"rendered":"Organizaci\u00f3n"},"content":{"rendered":"<div class=\"fusion-fullwidth fullwidth-box fusion-builder-row-1 fusion-flex-container nonhundred-percent-fullwidth non-hundred-percent-height-scrolling\" style=\"background-color: rgba(255,255,255,0);background-position: center center;background-repeat: no-repeat;border-width: 0px 0px 0px 0px;border-color:#e2e2e2;border-style:solid;\" ><div class=\"fusion-builder-row fusion-row fusion-flex-align-items-flex-start\" style=\"max-width:1248px;margin-left: calc(-4% \/ 2 );margin-right: calc(-4% \/ 2 );\"><div class=\"fusion-layout-column fusion_builder_column fusion-builder-column-0 fusion_builder_column_1_3 1_3 fusion-flex-column\"><div class=\"fusion-column-wrapper fusion-flex-justify-content-flex-start fusion-content-layout-column\" style=\"background-position:left top;background-repeat:no-repeat;-webkit-background-size:cover;-moz-background-size:cover;-o-background-size:cover;background-size:cover;padding: 0px 0px 0px 0px;\"><div class=\"fusion-text fusion-text-1\"><h2>Organiza<\/h2>\n<p><img decoding=\"async\" class=\"size-full wp-image-79 alignleft\" src=\"https:\/\/www.seisida.net\/reunion2021\/wp-content\/uploads\/2021\/02\/seisida-logo-300px.jpg\" alt=\"\" width=\"300\" height=\"102\" srcset=\"https:\/\/www.seisida.net\/reunion2021\/wp-content\/uploads\/2021\/02\/seisida-logo-300px-200x68.jpg 200w, https:\/\/www.seisida.net\/reunion2021\/wp-content\/uploads\/2021\/02\/seisida-logo-300px.jpg 300w\" sizes=\"(max-width: 300px) 100vw, 300px\" \/><\/p>\n<\/div><div class=\"fusion-separator fusion-full-width-sep\" style=\"align-self: center;margin-left: auto;margin-right: auto;margin-top:15px;margin-bottom:15px;width:100%;\"><\/div><\/div><style type=\"text\/css\">.fusion-body .fusion-builder-column-0{width:33.333333333333% !important;margin-top : 0px;margin-bottom : 20px;}.fusion-builder-column-0 > .fusion-column-wrapper {padding-top : 0px !important;padding-right : 0px !important;margin-right : 5.76%;padding-bottom : 0px !important;padding-left : 0px !important;margin-left : 5.76%;}@media only screen and (max-width:1024px) {.fusion-body .fusion-builder-column-0{width:33.333333333333% !important;order : 0;}.fusion-builder-column-0 > .fusion-column-wrapper {margin-right : 5.76%;margin-left : 5.76%;}}@media only screen and (max-width:640px) {.fusion-body .fusion-builder-column-0{width:100% !important;order : 0;}.fusion-builder-column-0 > .fusion-column-wrapper {margin-right : 1.92%;margin-left : 1.92%;}}<\/style><\/div><div class=\"fusion-layout-column fusion_builder_column fusion-builder-column-1 fusion_builder_column_2_3 2_3 fusion-flex-column\"><div class=\"fusion-column-wrapper fusion-flex-justify-content-flex-start fusion-content-layout-column\" style=\"background-position:left top;background-repeat:no-repeat;-webkit-background-size:cover;-moz-background-size:cover;-o-background-size:cover;background-size:cover;padding: 0px 0px 0px 0px;\"><div class=\"fusion-text fusion-text-2\"><h2>Comit\u00e9 Cient\u00edfico y Organizador<\/h2>\n<p><strong>Presidenta:<\/strong><br \/>\n<b>M. I. Concepci\u00f3n Amador Prous<\/b>. Presidenta de Seisida.<br \/>\nHospital Marina Baixa. La Vila Joiosa, Alicante<\/p>\n<ul>\n<li><strong>Miguel \u00c1ngel von Wichmann.<\/strong> Hospital Universitario Donostia<\/li>\n<li><strong>Carlos Iniesta.<\/strong> Centro Nacional de Epidemiolog\u00eda, (ISCIII)<\/li>\n<li><strong>Jordi Puig.<\/strong> Hospital Universitario Germans Trias i Pujol, Badalona<\/li>\n<li><strong>M\u00aa Jos\u00e9 Fuster.<\/strong> SEISIDA, Madrid<\/li>\n<li><b>Jos\u00e9 Antonio P\u00e9rez Molina<\/b>. Hospital Universitario Ram\u00f3n y Cajal, Madrid<\/li>\n<li><strong>Francisco Mart\u00ednez Batlle<\/strong>. Grupo de Trabajo sobre Tratamientos del VIH (gTt-VIH)<\/li>\n<li><strong>Mar\u00eda Jos\u00e9 Crusells.<\/strong> Hospital Cl\u00ednico Universitario Lozano Blesa, Zaragoza<\/li>\n<li><strong>Ram\u00f3n Ferrando.<\/strong> Hospital Cl\u00ednico Universitario de Valencia.<\/li>\n<li><strong>Antonio Ocampo<\/strong>. Hospital Alvaro Cunqueiro, Vigo<\/li>\n<li><strong>Piedad Arazo.<\/strong> Hospital Universitario Miguel Servet, Zaragoza<\/li>\n<li><strong>Angels Jaen.<\/strong> Fundaci\u00f3 Doc\u00e8ncia i Recerca M\u00fatua Terrassa.<\/li>\n<li><strong>David Dalmau.<\/strong> Hospital Universitari M\u00fatua Terrassa.<\/li>\n<li><strong>M\u00aa Eugenia Negredo.<\/strong> Hospital Universitario Germans Trias i Pujol, Badalona.<\/li>\n<li><strong>M\u00aa Jos\u00e9 Galindo.<\/strong> Hospital Cl\u00ednico Universitario de Valencia.<\/li>\n<li><strong>Javier Toledo.<\/strong> Departamento de Sanidad. Gobierno de Arag\u00f3n, Zaragoza.<\/li>\n<li><strong>Juan Carlos L\u00f3pez.<\/strong> Hospital General Universitario Gregorio Mara\u00f1\u00f3n. Madrid.<\/li>\n<li><strong>Marta Pastor.<\/strong> Bizkaisida, Bilbao.<\/li>\n<li><strong>M\u00f3nica Moran.<\/strong> Consejer\u00eda de Salud. Comunidad de Madrid.<\/li>\n<li><strong>Roser Font. <\/strong>Hospital Universitari M\u00fatua Terrassa.<\/li>\n<\/ul>\n<\/div><div class=\"fusion-separator fusion-full-width-sep\" style=\"align-self: center;margin-left: auto;margin-right: auto;margin-top:15px;margin-bottom:15px;width:100%;\"><\/div><\/div><style type=\"text\/css\">.fusion-body .fusion-builder-column-1{width:66.666666666667% !important;margin-top : 0px;margin-bottom : 20px;}.fusion-builder-column-1 > .fusion-column-wrapper {padding-top : 0px !important;padding-right : 0px !important;margin-right : 2.88%;padding-bottom : 0px !important;padding-left : 0px !important;margin-left : 2.88%;}@media only screen and (max-width:1024px) {.fusion-body .fusion-builder-column-1{width:66.666666666667% !important;order : 0;}.fusion-builder-column-1 > .fusion-column-wrapper {margin-right : 2.88%;margin-left : 2.88%;}}@media only screen and (max-width:640px) {.fusion-body .fusion-builder-column-1{width:100% !important;order : 0;}.fusion-builder-column-1 > .fusion-column-wrapper {margin-right : 1.92%;margin-left : 1.92%;}}<\/style><\/div><\/div><style type=\"text\/css\">.fusion-body .fusion-flex-container.fusion-builder-row-1{ padding-top : 0px;margin-top : 0px;padding-right : 0px;padding-bottom : 0px;margin-bottom : 0px;padding-left : 0px;}<\/style><\/div>\n","protected":false},"excerpt":{"rendered":"","protected":false},"author":1,"featured_media":0,"parent":0,"menu_order":0,"comment_status":"closed","ping_status":"closed","template":"","meta":{"footnotes":""},"class_list":["post-12","page","type-page","status-publish","hentry"],"_links":{"self":[{"href":"https:\/\/www.seisida.net\/reunion2021\/wp-json\/wp\/v2\/pages\/12","targetHints":{"allow":["GET"]}}],"collection":[{"href":"https:\/\/www.seisida.net\/reunion2021\/wp-json\/wp\/v2\/pages"}],"about":[{"href":"https:\/\/www.seisida.net\/reunion2021\/wp-json\/wp\/v2\/types\/page"}],"author":[{"embeddable":true,"href":"https:\/\/www.seisida.net\/reunion2021\/wp-json\/wp\/v2\/users\/1"}],"replies":[{"embeddable":true,"href":"https:\/\/www.seisida.net\/reunion2021\/wp-json\/wp\/v2\/comments?post=12"}],"version-history":[{"count":7,"href":"https:\/\/www.seisida.net\/reunion2021\/wp-json\/wp\/v2\/pages\/12\/revisions"}],"predecessor-version":[{"id":82,"href":"https:\/\/www.seisida.net\/reunion2021\/wp-json\/wp\/v2\/pages\/12\/revisions\/82"}],"wp:attachment":[{"href":"https:\/\/www.seisida.net\/reunion2021\/wp-json\/wp\/v2\/media?parent=12"}],"curies":[{"name":"wp","href":"https:\/\/api.w.org\/{rel}","templated":true}]}}