{"id":23,"date":"2019-12-10T13:51:21","date_gmt":"2019-12-10T13:51:21","guid":{"rendered":"http:\/\/www.seisida.net\/reunion2020\/?page_id=23"},"modified":"2020-07-13T14:05:50","modified_gmt":"2020-07-13T14:05:50","slug":"comunicaciones","status":"publish","type":"page","link":"https:\/\/www.seisida.net\/reunion2020\/comunicaciones\/","title":{"rendered":"Comunicaciones"},"content":{"rendered":"<div class=\"fusion-fullwidth fullwidth-box fusion-builder-row-1 nonhundred-percent-fullwidth non-hundred-percent-height-scrolling\"  style='background-color: rgba(255,255,255,0);background-position: center center;background-repeat: no-repeat;padding-top:0px;padding-right:0px;padding-bottom:0px;padding-left:0px;'><div class=\"fusion-builder-row fusion-row \"><div  class=\"fusion-layout-column fusion_builder_column fusion_builder_column_1_1 fusion-builder-column-1 fusion-one-full fusion-column-first fusion-column-last 1_1\"  style='margin-top:0px;margin-bottom:20px;'>\n\t\t\t\t\t<div class=\"fusion-column-wrapper\" style=\"padding: 0px 0px 0px 0px;background-position:left top;background-repeat:no-repeat;-webkit-background-size:cover;-moz-background-size:cover;-o-background-size:cover;background-size:cover;\"   data-bg-url=\"\">\n\t\t\t\t\t\t<div class=\"fusion-text\"><p><img loading=\"lazy\" class=\"alignleft size-full wp-image-24\" src=\"http:\/\/www.seisida.net\/reunion2020\/wp-content\/uploads\/2019\/12\/plataforma-envio-comunicaciones-300x254.jpg\" alt=\"\" width=\"300\" height=\"254\" srcset=\"https:\/\/www.seisida.net\/reunion2020\/wp-content\/uploads\/2019\/12\/plataforma-envio-comunicaciones-300x254-200x169.jpg 200w, https:\/\/www.seisida.net\/reunion2020\/wp-content\/uploads\/2019\/12\/plataforma-envio-comunicaciones-300x254.jpg 300w\" sizes=\"(max-width: 300px) 100vw, 300px\" \/><br \/>\nYa se han enviado las claves de acceso a todos los autores, para que envien su p\u00f3ster en formato JPG antes del d\u00eda <strong>31 de Julio de 2020<\/strong>.<\/p>\n<p>Pulse <strong><a href=\"http:\/\/itcongresuales.com\/\/postersonline\/seisida2020\/web\/index.php?r=autor%2Finstrucciones\" target=\"_blank\" rel=\"noopener noreferrer\">AQU\u00cd<\/a><\/strong> para ver las instrucciones y para acceder a la web donde tendr\u00e1 que identificarse con la clave que le fue enviada para poder enviar su p\u00f3ster.<\/p>\n<p>Pulse <a href=\"http:\/\/itcongresuales.com\/postersonline\/germ2020\/web\/files\/PlantillaGral.ppt\" target=\"_blank\" rel=\"noopener noreferrer\"><strong>AQU\u00cd<\/strong><\/a> para descargar la plantilla que deber\u00e1 utilizar para crear su P\u00f3ster.<\/p>\n<h3>Instrucciones para los Ponentes de <strong>COMUNICACIONES ORALES<\/strong>:<\/h3>\n<p>Deber\u00e1n enviarnos (antes del <strong>1 de Septiembre de 2020<\/strong>)<\/p>\n<ul>\n<li>Grabaci\u00f3n de un video (5 minutos de duraci\u00f3n m\u00e1xima) con la c\u00e1mara en posici\u00f3n horizontal, con fondo neutro (blanco o gris), sin ruido de fondo ambiental y con una calidad m\u00ednima de 720p y formato .mp4<\/li>\n<li>Presentaci\u00f3n en formato PowerPoint (ppt o pptx), la cual se sincronizar\u00e1 posteriormente en la edici\u00f3n con el video.<br \/>\n<strong>\u00a0<\/strong><\/li>\n<\/ul>\n<h3>Instrucciones para los Ponentes de <strong>E-p\u00f3ster<\/strong>:<\/h3>\n<p>Deber\u00e1n enviarnos (antes del <strong>1 de Septiembre de 2020<\/strong>)<\/p>\n<ul>\n<li>Grabaci\u00f3n de audio (5 minutos de duraci\u00f3n m\u00e1xima), sin ruido ambiental de fondo y en formato .mp3<\/li>\n<li>El audio, junto con el p\u00f3ster digital, ser\u00e1 evaluado por el Comit\u00e9 Cient\u00edfico y Organizador.<\/li>\n<\/ul>\n<\/div><div class=\"fusion-sep-clear\"><\/div><div class=\"fusion-separator fusion-full-width-sep sep-none\" style=\"margin-left: auto;margin-right: auto;margin-top:15px;margin-bottom:15px;\"><\/div><div class=\"fusion-text\"><h2>Con la Colaboraci\u00f3n de:<img loading=\"lazy\" class=\"alignleft wp-image-200 size-full\" src=\"http:\/\/www.seisida.net\/reunion2020\/wp-content\/uploads\/2020\/07\/LOGOS-PATROCINIOS.jpg\" alt=\"\" width=\"1208\" height=\"350\" srcset=\"https:\/\/www.seisida.net\/reunion2020\/wp-content\/uploads\/2020\/07\/LOGOS-PATROCINIOS-200x58.jpg 200w, https:\/\/www.seisida.net\/reunion2020\/wp-content\/uploads\/2020\/07\/LOGOS-PATROCINIOS-300x87.jpg 300w, https:\/\/www.seisida.net\/reunion2020\/wp-content\/uploads\/2020\/07\/LOGOS-PATROCINIOS-400x116.jpg 400w, https:\/\/www.seisida.net\/reunion2020\/wp-content\/uploads\/2020\/07\/LOGOS-PATROCINIOS-600x174.jpg 600w, https:\/\/www.seisida.net\/reunion2020\/wp-content\/uploads\/2020\/07\/LOGOS-PATROCINIOS-768x223.jpg 768w, https:\/\/www.seisida.net\/reunion2020\/wp-content\/uploads\/2020\/07\/LOGOS-PATROCINIOS-800x232.jpg 800w, https:\/\/www.seisida.net\/reunion2020\/wp-content\/uploads\/2020\/07\/LOGOS-PATROCINIOS-1024x297.jpg 1024w, https:\/\/www.seisida.net\/reunion2020\/wp-content\/uploads\/2020\/07\/LOGOS-PATROCINIOS-1200x348.jpg 1200w, https:\/\/www.seisida.net\/reunion2020\/wp-content\/uploads\/2020\/07\/LOGOS-PATROCINIOS.jpg 1208w\" sizes=\"(max-width: 1208px) 100vw, 1208px\" \/><\/h2>\n<\/div><div class=\"fusion-clearfix\"><\/div>\n\n\t\t\t\t\t<\/div>\n\t\t\t\t<\/div><\/div><\/div>\n","protected":false},"excerpt":{"rendered":"","protected":false},"author":1,"featured_media":0,"parent":0,"menu_order":0,"comment_status":"closed","ping_status":"closed","template":"","meta":[],"_links":{"self":[{"href":"https:\/\/www.seisida.net\/reunion2020\/wp-json\/wp\/v2\/pages\/23"}],"collection":[{"href":"https:\/\/www.seisida.net\/reunion2020\/wp-json\/wp\/v2\/pages"}],"about":[{"href":"https:\/\/www.seisida.net\/reunion2020\/wp-json\/wp\/v2\/types\/page"}],"author":[{"embeddable":true,"href":"https:\/\/www.seisida.net\/reunion2020\/wp-json\/wp\/v2\/users\/1"}],"replies":[{"embeddable":true,"href":"https:\/\/www.seisida.net\/reunion2020\/wp-json\/wp\/v2\/comments?post=23"}],"version-history":[{"count":19,"href":"https:\/\/www.seisida.net\/reunion2020\/wp-json\/wp\/v2\/pages\/23\/revisions"}],"predecessor-version":[{"id":205,"href":"https:\/\/www.seisida.net\/reunion2020\/wp-json\/wp\/v2\/pages\/23\/revisions\/205"}],"wp:attachment":[{"href":"https:\/\/www.seisida.net\/reunion2020\/wp-json\/wp\/v2\/media?parent=23"}],"curies":[{"name":"wp","href":"https:\/\/api.w.org\/{rel}","templated":true}]}}